{"id":282,"date":"2024-11-18T20:01:04","date_gmt":"2024-11-18T19:01:04","guid":{"rendered":"https:\/\/abr-recycling.hu\/single-project\/"},"modified":"2025-03-26T11:58:36","modified_gmt":"2025-03-26T10:58:36","slug":"impresszum","status":"publish","type":"page","link":"https:\/\/abr-recycling.hu\/en\/impresszum\/","title":{"rendered":"Impresszum"},"content":{"rendered":"<div data-elementor-type=\"wp-page\" data-elementor-id=\"282\" class=\"elementor elementor-282\" data-elementor-post-type=\"page\">\n\t\t\t\t\t\t<section class=\"elementor-section elementor-top-section elementor-element elementor-element-27043a94 elementor-section-height-min-height elementor-section-items-stretch elementor-section-content-middle elementor-section-boxed elementor-section-height-default\" data-id=\"27043a94\" data-element_type=\"section\" data-e-type=\"section\" data-settings=\"{&quot;background_background&quot;:&quot;classic&quot;}\">\n\t\t\t\t\t\t\t<div class=\"elementor-background-overlay\"><\/div>\n\t\t\t\t\t\t\t<div class=\"elementor-container elementor-column-gap-default\">\n\t\t\t\t\t<div class=\"elementor-column elementor-col-100 elementor-top-column elementor-element elementor-element-73c0853\" data-id=\"73c0853\" data-element_type=\"column\" data-e-type=\"column\">\n\t\t\t<div class=\"elementor-widget-wrap elementor-element-populated\">\n\t\t\t\t\t\t<div class=\"elementor-element elementor-element-8216787 de_scroll_animation_no elementor-widget elementor-widget-heading\" data-id=\"8216787\" data-element_type=\"widget\" data-e-type=\"widget\" data-widget_type=\"heading.default\">\n\t\t\t\t<div class=\"elementor-widget-container\">\n\t\t\t\t\t<h1 class=\"elementor-heading-title elementor-size-default\">ABR Recycling Kft.<\/h1>\t\t\t\t<\/div>\n\t\t\t\t<\/div>\n\t\t\t\t<div class=\"elementor-element elementor-element-7d896e7a de_scroll_animation_no elementor-widget elementor-widget-heading\" data-id=\"7d896e7a\" data-element_type=\"widget\" data-e-type=\"widget\" data-widget_type=\"heading.default\">\n\t\t\t\t<div class=\"elementor-widget-container\">\n\t\t\t\t\t<h2 class=\"elementor-heading-title elementor-size-default\">Impresszum \u00e9s\nJogi nyilatkozat<\/h2>\t\t\t\t<\/div>\n\t\t\t\t<\/div>\n\t\t\t\t\t<\/div>\n\t\t<\/div>\n\t\t\t\t\t<\/div>\n\t\t<\/section>\n\t\t\t\t<section class=\"elementor-section elementor-top-section elementor-element elementor-element-61f7d99 elementor-section-boxed elementor-section-height-default elementor-section-height-default\" data-id=\"61f7d99\" data-element_type=\"section\" data-e-type=\"section\">\n\t\t\t\t\t\t<div class=\"elementor-container elementor-column-gap-default\">\n\t\t\t\t\t<div class=\"elementor-column elementor-col-100 elementor-top-column elementor-element elementor-element-615ed697\" data-id=\"615ed697\" data-element_type=\"column\" data-e-type=\"column\">\n\t\t\t<div class=\"elementor-widget-wrap elementor-element-populated\">\n\t\t\t\t\t\t<div class=\"elementor-element elementor-element-3e914e6d de_scroll_animation_no elementor-widget elementor-widget-image\" data-id=\"3e914e6d\" data-element_type=\"widget\" data-e-type=\"widget\" data-widget_type=\"image.default\">\n\t\t\t\t<div class=\"elementor-widget-container\">\n\t\t\t\t\t\t\t\t\t\t\t\t\t\t\t<img decoding=\"async\" src=\"https:\/\/abr-recycling.hu\/wp-content\/uploads\/5.jpg\" title=\"\" alt=\"\" loading=\"lazy\" \/>\t\t\t\t\t\t\t\t\t\t\t\t\t\t\t<\/div>\n\t\t\t\t<\/div>\n\t\t\t\t<section class=\"elementor-section elementor-inner-section elementor-element elementor-element-6af0b7fc elementor-section-boxed elementor-section-height-default elementor-section-height-default\" data-id=\"6af0b7fc\" data-element_type=\"section\" data-e-type=\"section\">\n\t\t\t\t\t\t<div class=\"elementor-container elementor-column-gap-default\">\n\t\t\t\t\t<div class=\"elementor-column elementor-col-50 elementor-inner-column elementor-element elementor-element-52fe9f7e\" data-id=\"52fe9f7e\" data-element_type=\"column\" data-e-type=\"column\">\n\t\t\t<div class=\"elementor-widget-wrap elementor-element-populated\">\n\t\t\t\t\t\t<div class=\"elementor-element elementor-element-644fda85 de_scroll_animation_no elementor-widget elementor-widget-heading\" data-id=\"644fda85\" data-element_type=\"widget\" data-e-type=\"widget\" data-widget_type=\"heading.default\">\n\t\t\t\t<div class=\"elementor-widget-container\">\n\t\t\t\t\t<h3 class=\"elementor-heading-title elementor-size-default\">Impresszum<\/h3>\t\t\t\t<\/div>\n\t\t\t\t<\/div>\n\t\t\t\t<div class=\"elementor-element elementor-element-dc6f3db elementor-align-start elementor-mobile-align-start elementor-icon-list--layout-inline elementor-list-item-link-full_width de_scroll_animation_no elementor-widget elementor-widget-icon-list\" data-id=\"dc6f3db\" data-element_type=\"widget\" data-e-type=\"widget\" data-widget_type=\"icon-list.default\">\n\t\t\t\t<div class=\"elementor-widget-container\">\n\t\t\t\t\t\t\t<ul class=\"elementor-icon-list-items elementor-inline-items\">\n\t\t\t\t\t\t\t<li class=\"elementor-icon-list-item elementor-inline-item\">\n\t\t\t\t\t\t\t\t\t\t\t<span class=\"elementor-icon-list-icon\">\n\t\t\t\t\t\t\t<svg aria-hidden=\"true\" class=\"e-font-icon-svg e-fas-map-marker-alt\" viewbox=\"0 0 384 512\" xmlns=\"http:\/\/www.w3.org\/2000\/svg\"><path d=\"M172.268 501.67C26.97 291.031 0 269.413 0 192 0 85.961 85.961 0 192 0s192 85.961 192 192c0 77.413-26.97 99.031-172.268 309.67-9.535 13.774-29.93 13.773-39.464 0zM192 272c44.183 0 80-35.817 80-80s-35.817-80-80-80-80 35.817-80 80 35.817 80 80 80z\"><\/path><\/svg>\t\t\t\t\t\t<\/span>\n\t\t\t\t\t\t\t\t\t\t<span class=\"elementor-icon-list-text\">ABR Recycling Kft<\/span>\n\t\t\t\t\t\t\t\t\t<\/li>\n\t\t\t\t\t\t\t\t<li class=\"elementor-icon-list-item elementor-inline-item\">\n\t\t\t\t\t\t\t\t\t\t\t<span class=\"elementor-icon-list-icon\">\n\t\t\t\t\t\t\t<svg aria-hidden=\"true\" class=\"e-font-icon-svg e-fas-map-marker-alt\" viewbox=\"0 0 384 512\" xmlns=\"http:\/\/www.w3.org\/2000\/svg\"><path d=\"M172.268 501.67C26.97 291.031 0 269.413 0 192 0 85.961 85.961 0 192 0s192 85.961 192 192c0 77.413-26.97 99.031-172.268 309.67-9.535 13.774-29.93 13.773-39.464 0zM192 272c44.183 0 80-35.817 80-80s-35.817-80-80-80-80 35.817-80 80 35.817 80 80 80z\"><\/path><\/svg>\t\t\t\t\t\t<\/span>\n\t\t\t\t\t\t\t\t\t\t<span class=\"elementor-icon-list-text\">C\u00e9gjegyz\u00e9ksz\u00e1m: 13 09 206080<\/span>\n\t\t\t\t\t\t\t\t\t<\/li>\n\t\t\t\t\t\t\t\t<li class=\"elementor-icon-list-item elementor-inline-item\">\n\t\t\t\t\t\t\t\t\t\t\t<span class=\"elementor-icon-list-icon\">\n\t\t\t\t\t\t\t<svg aria-hidden=\"true\" class=\"e-font-icon-svg e-fas-map-marker-alt\" viewbox=\"0 0 384 512\" xmlns=\"http:\/\/www.w3.org\/2000\/svg\"><path d=\"M172.268 501.67C26.97 291.031 0 269.413 0 192 0 85.961 85.961 0 192 0s192 85.961 192 192c0 77.413-26.97 99.031-172.268 309.67-9.535 13.774-29.93 13.773-39.464 0zM192 272c44.183 0 80-35.817 80-80s-35.817-80-80-80-80 35.817-80 80 35.817 80 80 80z\"><\/path><\/svg>\t\t\t\t\t\t<\/span>\n\t\t\t\t\t\t\t\t\t\t<span class=\"elementor-icon-list-text\">Ad\u00f3sz\u00e1m: 27959347-2-13<\/span>\n\t\t\t\t\t\t\t\t\t<\/li>\n\t\t\t\t\t\t\t\t<li class=\"elementor-icon-list-item elementor-inline-item\">\n\t\t\t\t\t\t\t\t\t\t\t<span class=\"elementor-icon-list-icon\">\n\t\t\t\t\t\t\t<svg aria-hidden=\"true\" class=\"e-font-icon-svg e-fas-map-marker-alt\" viewbox=\"0 0 384 512\" xmlns=\"http:\/\/www.w3.org\/2000\/svg\"><path d=\"M172.268 501.67C26.97 291.031 0 269.413 0 192 0 85.961 85.961 0 192 0s192 85.961 192 192c0 77.413-26.97 99.031-172.268 309.67-9.535 13.774-29.93 13.773-39.464 0zM192 272c44.183 0 80-35.817 80-80s-35.817-80-80-80-80 35.817-80 80 35.817 80 80 80z\"><\/path><\/svg>\t\t\t\t\t\t<\/span>\n\t\t\t\t\t\t\t\t\t\t<span class=\"elementor-icon-list-text\">Sz\u00e9khely: 2351 Als\u00f3n\u00e9medi, \u00d6regorsz\u00e1g\u00fat utca 2405\/5<\/span>\n\t\t\t\t\t\t\t\t\t<\/li>\n\t\t\t\t\t\t\t\t<li class=\"elementor-icon-list-item elementor-inline-item\">\n\t\t\t\t\t\t\t\t\t\t\t<a href=\"https:\/\/otcm.hu\">\n\n\t\t\t\t\t\t\t\t\t\t\t\t<span class=\"elementor-icon-list-icon\">\n\t\t\t\t\t\t\t<svg aria-hidden=\"true\" class=\"e-font-icon-svg e-fab-safari\" viewbox=\"0 0 512 512\" xmlns=\"http:\/\/www.w3.org\/2000\/svg\"><path d=\"M274.69,274.69l-37.38-37.38L166,346ZM256,8C119,8,8,119,8,256S119,504,256,504,504,393,504,256,393,8,256,8ZM411.85,182.79l14.78-6.13A8,8,0,0,1,437.08,181h0a8,8,0,0,1-4.33,10.46L418,197.57a8,8,0,0,1-10.45-4.33h0A8,8,0,0,1,411.85,182.79ZM314.43,94l6.12-14.78A8,8,0,0,1,331,74.92h0a8,8,0,0,1,4.33,10.45l-6.13,14.78a8,8,0,0,1-10.45,4.33h0A8,8,0,0,1,314.43,94ZM256,60h0a8,8,0,0,1,8,8V84a8,8,0,0,1-8,8h0a8,8,0,0,1-8-8V68A8,8,0,0,1,256,60ZM181,74.92a8,8,0,0,1,10.46,4.33L197.57,94a8,8,0,1,1-14.78,6.12l-6.13-14.78A8,8,0,0,1,181,74.92Zm-63.58,42.49h0a8,8,0,0,1,11.31,0L140,128.72A8,8,0,0,1,140,140h0a8,8,0,0,1-11.31,0l-11.31-11.31A8,8,0,0,1,117.41,117.41ZM60,256h0a8,8,0,0,1,8-8H84a8,8,0,0,1,8,8h0a8,8,0,0,1-8,8H68A8,8,0,0,1,60,256Zm40.15,73.21-14.78,6.13A8,8,0,0,1,74.92,331h0a8,8,0,0,1,4.33-10.46L94,314.43a8,8,0,0,1,10.45,4.33h0A8,8,0,0,1,100.15,329.21Zm4.33-136h0A8,8,0,0,1,94,197.57l-14.78-6.12A8,8,0,0,1,74.92,181h0a8,8,0,0,1,10.45-4.33l14.78,6.13A8,8,0,0,1,104.48,193.24ZM197.57,418l-6.12,14.78a8,8,0,0,1-14.79-6.12l6.13-14.78A8,8,0,1,1,197.57,418ZM264,444a8,8,0,0,1-8,8h0a8,8,0,0,1-8-8V428a8,8,0,0,1,8-8h0a8,8,0,0,1,8,8Zm67-6.92h0a8,8,0,0,1-10.46-4.33L314.43,418a8,8,0,0,1,4.33-10.45h0a8,8,0,0,1,10.45,4.33l6.13,14.78A8,8,0,0,1,331,437.08Zm63.58-42.49h0a8,8,0,0,1-11.31,0L372,383.28A8,8,0,0,1,372,372h0a8,8,0,0,1,11.31,0l11.31,11.31A8,8,0,0,1,394.59,394.59ZM286.25,286.25,110.34,401.66,225.75,225.75,401.66,110.34ZM437.08,331h0a8,8,0,0,1-10.45,4.33l-14.78-6.13a8,8,0,0,1-4.33-10.45h0A8,8,0,0,1,418,314.43l14.78,6.12A8,8,0,0,1,437.08,331ZM444,264H428a8,8,0,0,1-8-8h0a8,8,0,0,1,8-8h16a8,8,0,0,1,8,8h0A8,8,0,0,1,444,264Z\"><\/path><\/svg>\t\t\t\t\t\t<\/span>\n\t\t\t\t\t\t\t\t\t\t<span class=\"elementor-icon-list-text\">Fejleszt\u0151: OTCM Hungary Kft.<\/span>\n\t\t\t\t\t\t\t\t\t\t\t<\/a>\n\t\t\t\t\t\t\t\t\t<\/li>\n\t\t\t\t\t\t<\/ul>\n\t\t\t\t\t\t<\/div>\n\t\t\t\t<\/div>\n\t\t\t\t<div class=\"elementor-element elementor-element-c283a5f de_scroll_animation_no elementor-widget elementor-widget-heading\" data-id=\"c283a5f\" data-element_type=\"widget\" data-e-type=\"widget\" data-widget_type=\"heading.default\">\n\t\t\t\t<div class=\"elementor-widget-container\">\n\t\t\t\t\t<h3 class=\"elementor-heading-title elementor-size-default\">Jogi nyilatkozat<\/h3>\t\t\t\t<\/div>\n\t\t\t\t<\/div>\n\t\t\t\t<div class=\"elementor-element elementor-element-6fb2559c de_scroll_animation_no elementor-widget elementor-widget-text-editor\" data-id=\"6fb2559c\" data-element_type=\"widget\" data-e-type=\"widget\" data-widget_type=\"text-editor.default\">\n\t\t\t\t<div class=\"elementor-widget-container\">\n\t\t\t\t\t\t\t\t\t<p data-pm-slice=\"1 1 []\">A jelen weboldal (a tov\u00e1bbiakban: \u201eHonlap\u201d) teljes tartalma, bele\u00e9rtve annak valamennyi sz\u00f6veges, k\u00e9pi, grafikai, audiovizu\u00e1lis, valamint struktur\u00e1lis elem\u00e9t, tov\u00e1bb\u00e1 az arculati \u00e9s egy\u00e9b megjelen\u00edt\u00e9si saj\u00e1toss\u00e1gait, az ABR Recycling Kft. kiz\u00e1r\u00f3lagos tulajdon\u00e1t k\u00e9pezi, \u00e9s a vonatkoz\u00f3 jogszab\u00e1lyok \u00e1ltal biztos\u00edtott v\u00e9delem alatt \u00e1ll, k\u00fcl\u00f6n\u00f6s tekintettel a szerz\u0151i jogi, v\u00e9djegyjogi \u00e9s iparjogv\u00e9delmi rendelkez\u00e9sekre. A Honlapon felt\u00fcntetett elnevez\u00e9sek, log\u00f3k, \u00e1br\u00e1s elemek, szlogenek \u00e9s egy\u00e9b megk\u00fcl\u00f6nb\u00f6ztet\u0151 jegyek v\u00e9djegyoltalom alatt \u00e1llnak, \u00e9s azok jogosulatlan haszn\u00e1lata jogi k\u00f6vetkezm\u00e9nyeket von maga ut\u00e1n.<\/p><p>A Honlapon elhelyezett tartalmak \u2013 ide\u00e9rtve, de nem kiz\u00e1r\u00f3lagosan a sz\u00f6vegeket, f\u00e9nyk\u00e9peket, vide\u00f3kat, illusztr\u00e1ci\u00f3kat \u00e9s egy\u00e9b inform\u00e1ci\u00f3kat \u2013 kiz\u00e1r\u00f3lag szem\u00e9lyes, nem kereskedelmi c\u00e9l\u00fa felhaszn\u00e1l\u00e1sra enged\u00e9lyezettek. Minden egy\u00e9b, k\u00fcl\u00f6n\u00f6sen \u00fczleti, rekl\u00e1m- vagy kereskedelmi c\u00e9l\u00fa felhaszn\u00e1l\u00e1s \u2013 \u00edgy k\u00fcl\u00f6n\u00f6sen a m\u00e1sol\u00e1s, sokszoros\u00edt\u00e1s, terjeszt\u00e9s, tov\u00e1bbk\u00f6zl\u00e9s, \u00e1tdolgoz\u00e1s, archiv\u00e1l\u00e1s vagy b\u00e1rmilyen egy\u00e9b m\u00f3don t\u00f6rt\u00e9n\u0151 felhaszn\u00e1l\u00e1s \u2013 kiz\u00e1r\u00f3lag az ABR Recycling Kft. el\u0151zetes, kifejezett \u00e9s \u00edr\u00e1sbeli hozz\u00e1j\u00e1rul\u00e1s\u00e1val t\u00f6rt\u00e9nhet. A tartalmak forr\u00e1smegjel\u00f6l\u00e9ssel t\u00f6rt\u00e9n\u0151 id\u00e9z\u00e9se sem mentes\u00edti a felhaszn\u00e1l\u00f3t az enged\u00e9lyk\u00e9r\u00e9si k\u00f6telezetts\u00e9g al\u00f3l.<\/p><p>A Honlap szerkezeti fel\u00e9p\u00edt\u00e9se \u00e9s vizu\u00e1lis megjelen\u00e9se az ABR Recycling Kft. \u00e1ltal meghat\u00e1rozott \u00e9s kialak\u00edtott arculati koncepci\u00f3 r\u00e9sze, amely szint\u00e9n jogi v\u00e9delem alatt \u00e1ll. A Honlap eg\u00e9sz\u00e9nek vagy b\u00e1rmely r\u00e9sz\u00e9nek jogosulatlan m\u00e1sol\u00e1sa, valamint olyan, a Honlaphoz megt\u00e9veszt\u0151en hasonl\u00f3 tartalom l\u00e9trehoz\u00e1sa, amely alkalmas az ABR Recycling Kft. \u00fczleti \u00e9rdekeinek s\u00e9rt\u00e9s\u00e9re vagy fogyaszt\u00f3k megt\u00e9veszt\u00e9s\u00e9re, tilos \u00e9s jogi elj\u00e1r\u00e1st vonhat maga ut\u00e1n.<\/p><p>Az ABR Recycling Kft. minden \u00e9sszer\u0171 int\u00e9zked\u00e9st megtesz annak \u00e9rdek\u00e9ben, hogy a Honlapon elhelyezett inform\u00e1ci\u00f3k naprak\u00e9szek, pontosak \u00e9s hitelesek legyenek. Mindazon\u00e1ltal a t\u00e1rsas\u00e1g nem v\u00e1llal felel\u0151ss\u00e9get az esetleges pontatlans\u00e1gok\u00e9rt, el\u00edr\u00e1sok\u00e9rt, valamint az inform\u00e1ci\u00f3k v\u00e1ltoz\u00e1s\u00e1b\u00f3l ered\u0151 k\u00f6vetkezm\u00e9nyek\u00e9rt. A Honlapon k\u00f6zz\u00e9tett inform\u00e1ci\u00f3k kiz\u00e1r\u00f3lag t\u00e1j\u00e9koztat\u00f3 jelleg\u0171ek, \u00e9s nem min\u0151s\u00fclnek jogi, p\u00e9nz\u00fcgyi vagy egy\u00e9b szakmai tan\u00e1csad\u00e1snak. Az ABR Recycling Kft. nem v\u00e1llal felel\u0151ss\u00e9get a Honlap tartalm\u00e1nak felhaszn\u00e1l\u00e1s\u00e1b\u00f3l ered\u0151 esetleges k\u00e1rok\u00e9rt vagy vesztes\u00e9gek\u00e9rt.<\/p><p>A Honlap k\u00fcls\u0151 internetes oldalakra mutat\u00f3 hivatkoz\u00e1sokat (linkeket) is tartalmazhat. Ezeket a linkeket kiz\u00e1r\u00f3lag a felhaszn\u00e1l\u00f3k k\u00e9nyelme \u00e9rdek\u00e9ben helyezt\u00fck el, \u00e9s az ABR Recycling Kft. nem v\u00e1llal felel\u0151ss\u00e9get a hivatkozott oldalak tartalm\u00e1\u00e9rt, adatv\u00e9delmi gyakorlat\u00e1\u00e9rt, valamint az ott tal\u00e1lhat\u00f3 inform\u00e1ci\u00f3k hiteless\u00e9g\u00e9\u00e9rt vagy aktualit\u00e1s\u00e1\u00e9rt.<\/p><h4>\u00dczemeltet\u00e9s \u00e9s biztons\u00e1gi rendelkez\u00e9sek<\/h4><p>A Honlap fejleszt\u00e9s\u00e9t \u00e9s technikai \u00fczemeltet\u00e9s\u00e9t az ABR Recycling Kft. megb\u00edz\u00e1s\u00e1b\u00f3l az OTCM Hungary Kft. v\u00e9gzi.<br \/>Technikai kapcsolatfelv\u00e9tel: <a>hello@otcm.hu<\/a><br \/>Weboldal: otcm.hu<\/p><p>A Honlap egy magyar tulajdon\u00fa domain alatt, magyarorsz\u00e1gi szerveren \u00e9s magyar szolg\u00e1ltat\u00f3n\u00e1l \u00fczemel. A t\u00e1rhelyszolg\u00e1ltat\u00f3 \u00e9s a Honlap \u00fczemeltet\u0151je minden \u00e9sszer\u0171 technikai \u00e9s biztons\u00e1gi int\u00e9zked\u00e9st megtesz annak \u00e9rdek\u00e9ben, hogy a Honlap megfelel\u0151en m\u0171k\u00f6dj\u00f6n \u00e9s v\u00e9dett legyen az esetleges kibert\u00e1mad\u00e1sokkal, rosszindulat\u00fa szoftverekkel \u00e9s egy\u00e9b fenyeget\u00e9sekkel szemben. Mindazon\u00e1ltal sem az \u00fczemeltet\u0151, sem a t\u00e1rhelyszolg\u00e1ltat\u00f3 nem v\u00e1llal felel\u0151ss\u00e9get olyan k\u00e1rok\u00e9rt, amelyeket internetes k\u00e1rtev\u0151k, illet\u00e9ktelen behatol\u00e1sok, vagy egy\u00e9b technikai probl\u00e9m\u00e1k okozhatnak. A Honlap haszn\u00e1lat\u00e1b\u00f3l ered\u0151 esetleges adatveszt\u00e9sek\u00e9rt, informatikai t\u00e1mad\u00e1sok k\u00f6vetkezm\u00e9nyei\u00e9rt vagy egy\u00e9b k\u00e1rok\u00e9rt a felhaszn\u00e1l\u00f3k kiz\u00e1r\u00f3lag saj\u00e1t felel\u0151ss\u00e9g\u00fckre j\u00e1rnak el.<\/p><p>Az ABR Recycling Kft. fenntartja a jogot, hogy a Honlap tartalm\u00e1t b\u00e1rmikor, el\u0151zetes \u00e9rtes\u00edt\u00e9s n\u00e9lk\u00fcl m\u00f3dos\u00edtsa, friss\u00edtse vagy t\u00f6r\u00f6lje. A v\u00e1ltoztat\u00e1sokb\u00f3l ered\u0151 esetleges kellemetlens\u00e9gek\u00e9rt, adatveszt\u00e9s\u00e9rt vagy m\u00e1s k\u00f6vetkezm\u00e9nyek\u00e9rt a t\u00e1rsas\u00e1g nem v\u00e1llal felel\u0151ss\u00e9get.<\/p><p>Amennyiben a Honlap haszn\u00e1lat\u00e1val kapcsolatban b\u00e1rmilyen jogi k\u00e9rd\u00e9s mer\u00fcl fel, az ir\u00e1nyad\u00f3 jog a mindenkor hat\u00e1lyos magyar jogszab\u00e1lyok rendelkez\u00e9sei szerint ker\u00fcl meg\u00e1llap\u00edt\u00e1sra.<\/p>\t\t\t\t\t\t\t\t<\/div>\n\t\t\t\t<\/div>\n\t\t\t\t<div class=\"elementor-element elementor-element-3ec251c de_scroll_animation_no elementor-widget elementor-widget-spacer\" data-id=\"3ec251c\" data-element_type=\"widget\" data-e-type=\"widget\" data-widget_type=\"spacer.default\">\n\t\t\t\t<div class=\"elementor-widget-container\">\n\t\t\t\t\t\t\t<div class=\"elementor-spacer\">\n\t\t\t<div class=\"elementor-spacer-inner\"><\/div>\n\t\t<\/div>\n\t\t\t\t\t\t<\/div>\n\t\t\t\t<\/div>\n\t\t\t\t\t<\/div>\n\t\t<\/div>\n\t\t\t\t<div class=\"elementor-column elementor-col-50 elementor-inner-column elementor-element elementor-element-33c737bd\" data-id=\"33c737bd\" data-element_type=\"column\" data-e-type=\"column\">\n\t\t\t<div class=\"elementor-widget-wrap elementor-element-populated\">\n\t\t\t\t\t\t<div class=\"elementor-element elementor-element-54475b78 de_scroll_animation_no elementor-widget elementor-widget-spacer\" data-id=\"54475b78\" data-element_type=\"widget\" data-e-type=\"widget\" data-widget_type=\"spacer.default\">\n\t\t\t\t<div class=\"elementor-widget-container\">\n\t\t\t\t\t\t\t<div class=\"elementor-spacer\">\n\t\t\t<div class=\"elementor-spacer-inner\"><\/div>\n\t\t<\/div>\n\t\t\t\t\t\t<\/div>\n\t\t\t\t<\/div>\n\t\t\t\t<section class=\"elementor-section elementor-inner-section elementor-element elementor-element-73987676 elementor-section-boxed elementor-section-height-default elementor-section-height-default\" data-id=\"73987676\" data-element_type=\"section\" data-e-type=\"section\">\n\t\t\t\t\t\t<div class=\"elementor-container elementor-column-gap-default\">\n\t\t\t\t\t<div class=\"elementor-column elementor-col-100 elementor-inner-column elementor-element elementor-element-5b9d7960\" data-id=\"5b9d7960\" data-element_type=\"column\" data-e-type=\"column\" data-settings=\"{&quot;background_background&quot;:&quot;classic&quot;}\">\n\t\t\t<div class=\"elementor-widget-wrap elementor-element-populated\">\n\t\t\t\t\t<div class=\"elementor-background-overlay\"><\/div>\n\t\t\t\t\t\t<div class=\"elementor-element elementor-element-242f92a6 de_scroll_animation_no elementor-widget elementor-widget-heading\" data-id=\"242f92a6\" data-element_type=\"widget\" data-e-type=\"widget\" data-widget_type=\"heading.default\">\n\t\t\t\t<div class=\"elementor-widget-container\">\n\t\t\t\t\t<h3 class=\"elementor-heading-title elementor-size-default\">Recycling<\/h3>\t\t\t\t<\/div>\n\t\t\t\t<\/div>\n\t\t\t\t<div class=\"elementor-element elementor-element-2a86f839 de_scroll_animation_no elementor-widget elementor-widget-heading\" data-id=\"2a86f839\" data-element_type=\"widget\" data-e-type=\"widget\" data-widget_type=\"heading.default\">\n\t\t\t\t<div class=\"elementor-widget-container\">\n\t\t\t\t\t<h3 class=\"elementor-heading-title elementor-size-default\">Vissza a f\u0151oldalra<\/h3>\t\t\t\t<\/div>\n\t\t\t\t<\/div>\n\t\t\t\t<div class=\"elementor-element elementor-element-5a6c6e8c de_scroll_animation_no elementor-widget elementor-widget-spacer\" data-id=\"5a6c6e8c\" data-element_type=\"widget\" data-e-type=\"widget\" data-widget_type=\"spacer.default\">\n\t\t\t\t<div class=\"elementor-widget-container\">\n\t\t\t\t\t\t\t<div class=\"elementor-spacer\">\n\t\t\t<div class=\"elementor-spacer-inner\"><\/div>\n\t\t<\/div>\n\t\t\t\t\t\t<\/div>\n\t\t\t\t<\/div>\n\t\t\t\t<div class=\"elementor-element elementor-element-7ed48ba2 elementor-align-justify de_scroll_animation_no elementor-widget elementor-widget-button\" data-id=\"7ed48ba2\" data-element_type=\"widget\" data-e-type=\"widget\" data-widget_type=\"button.default\">\n\t\t\t\t<div class=\"elementor-widget-container\">\n\t\t\t\t\t\t\t\t\t<div class=\"elementor-button-wrapper\">\n\t\t\t\t\t<a class=\"elementor-button elementor-button-link elementor-size-sm\" href=\"https:\/\/abr-recycling.hu\/en\">\n\t\t\t\t\t\t<span class=\"elementor-button-content-wrapper\">\n\t\t\t\t\t\t<span class=\"elementor-button-icon\">\n\t\t\t\t<i aria-hidden=\"true\" class=\"icon icon-chevron-right\"><\/i>\t\t\t<\/span>\n\t\t\t\t\t\t\t\t\t<span class=\"elementor-button-text\">Home<\/span>\n\t\t\t\t\t<\/span>\n\t\t\t\t\t<\/a>\n\t\t\t\t<\/div>\n\t\t\t\t\t\t\t\t<\/div>\n\t\t\t\t<\/div>\n\t\t\t\t\t<\/div>\n\t\t<\/div>\n\t\t\t\t\t<\/div>\n\t\t<\/section>\n\t\t\t\t\t<\/div>\n\t\t<\/div>\n\t\t\t\t\t<\/div>\n\t\t<\/section>\n\t\t\t\t\t<\/div>\n\t\t<\/div>\n\t\t\t\t\t<\/div>\n\t\t<\/section>\n\t\t\t\t<\/div>","protected":false},"excerpt":{"rendered":"<p>ABR Recycling Kft. Impresszum \u00e9s Jogi nyilatkozat Impresszum ABR Recycling Kft C\u00e9gjegyz\u00e9ksz\u00e1m: 13 09 206080 Ad\u00f3sz\u00e1m: 27959347-2-13 Sz\u00e9khely: 2351 Als\u00f3n\u00e9medi, \u00d6regorsz\u00e1g\u00fat utca 2405\/5 Fejleszt\u0151: OTCM Hungary Kft. Jogi nyilatkozat A jelen weboldal (a tov\u00e1bbiakban: \u201eHonlap\u201d) teljes tartalma, bele\u00e9rtve annak valamennyi sz\u00f6veges, k\u00e9pi, grafikai, audiovizu\u00e1lis, valamint struktur\u00e1lis elem\u00e9t, tov\u00e1bb\u00e1 az arculati \u00e9s egy\u00e9b megjelen\u00edt\u00e9si saj\u00e1toss\u00e1gait, az [&hellip;]<\/p>\n","protected":false},"author":1,"featured_media":0,"parent":0,"menu_order":0,"comment_status":"closed","ping_status":"closed","template":"elementor_header_footer","meta":{"footnotes":""},"class_list":["post-282","page","type-page","status-publish","hentry"],"_links":{"self":[{"href":"https:\/\/abr-recycling.hu\/en\/wp-json\/wp\/v2\/pages\/282","targetHints":{"allow":["GET"]}}],"collection":[{"href":"https:\/\/abr-recycling.hu\/en\/wp-json\/wp\/v2\/pages"}],"about":[{"href":"https:\/\/abr-recycling.hu\/en\/wp-json\/wp\/v2\/types\/page"}],"author":[{"embeddable":true,"href":"https:\/\/abr-recycling.hu\/en\/wp-json\/wp\/v2\/users\/1"}],"replies":[{"embeddable":true,"href":"https:\/\/abr-recycling.hu\/en\/wp-json\/wp\/v2\/comments?post=282"}],"version-history":[{"count":0,"href":"https:\/\/abr-recycling.hu\/en\/wp-json\/wp\/v2\/pages\/282\/revisions"}],"wp:attachment":[{"href":"https:\/\/abr-recycling.hu\/en\/wp-json\/wp\/v2\/media?parent=282"}],"curies":[{"name":"wp","href":"https:\/\/api.w.org\/{rel}","templated":true}]}}